{"id":1761,"date":"2023-11-15T14:19:57","date_gmt":"2023-11-15T13:19:57","guid":{"rendered":"https:\/\/highpark.de\/otisk\/"},"modified":"2025-05-24T11:42:45","modified_gmt":"2025-05-24T09:42:45","slug":"otisk","status":"publish","type":"page","link":"https:\/\/highpark.de\/cs\/otisk\/","title":{"rendered":"Otisk"},"content":{"rendered":"<p><div class=\"fusion-fullwidth fullwidth-box fusion-builder-row-1 fusion-flex-container has-pattern-background has-mask-background fusion-parallax-none nonhundred-percent-fullwidth non-hundred-percent-height-scrolling\" style=\"--awb-background-repeat:repeat;--awb-border-radius-top-left:0px;--awb-border-radius-top-right:0px;--awb-border-radius-bottom-right:0px;--awb-border-radius-bottom-left:0px;--awb-margin-bottom:35px;--awb-background-image:url(&quot;https:\/\/highpark.de\/wp-content\/uploads\/2023\/11\/logo_bg_repeat.png&quot;);--awb-flex-wrap:wrap;\" ><div class=\"fusion-builder-row fusion-row fusion-flex-align-items-center fusion-flex-content-wrap\" style=\"max-width:1248px;margin-left: calc(-4% \/ 2 );margin-right: calc(-4% \/ 2 );\"><div class=\"fusion-layout-column fusion_builder_column fusion-builder-column-0 fusion_builder_column_1_1 1_1 fusion-flex-column fusion-flex-align-self-flex-start\" style=\"--awb-padding-top:0px;--awb-padding-right:0px;--awb-padding-bottom:0px;--awb-padding-left:0px;--awb-bg-size:cover;--awb-width-large:100%;--awb-margin-top-large:20px;--awb-spacing-right-large:1.92%;--awb-margin-bottom-large:20px;--awb-spacing-left-large:1.92%;--awb-width-medium:100%;--awb-order-medium:0;--awb-spacing-right-medium:1.92%;--awb-spacing-left-medium:1.92%;--awb-width-small:100%;--awb-order-small:0;--awb-spacing-right-small:1.92%;--awb-spacing-left-small:1.92%;\"><div class=\"fusion-column-wrapper fusion-column-has-shadow fusion-flex-justify-content-flex-start fusion-content-layout-column fusion-content-nowrap\"><div class=\"fusion-title title fusion-title-1 fusion-sep-none fusion-title-text fusion-title-size-three\" style=\"--awb-text-color:var(--awb-color8);\"><h3 class=\"fusion-title-heading title-heading-left\" style=\"font-family:-apple-system, BlinkMacSystemFont, &#039;Segoe UI&#039;, Roboto, Oxygen-Sans, Ubuntu, Cantarell, &#039;Helvetica Neue&#039; ,sans-serif;font-style:normal;font-weight:700;margin:0;\">Otisk<\/h3><\/div><\/div><\/div><\/div><\/div><div class=\"fusion-fullwidth fullwidth-box fusion-builder-row-2 fusion-flex-container has-pattern-background has-mask-background nonhundred-percent-fullwidth non-hundred-percent-height-scrolling\" style=\"--awb-border-radius-top-left:0px;--awb-border-radius-top-right:0px;--awb-border-radius-bottom-right:0px;--awb-border-radius-bottom-left:0px;--awb-flex-wrap:wrap;\" ><div class=\"fusion-builder-row fusion-row fusion-flex-align-items-flex-start fusion-flex-content-wrap\" style=\"max-width:1248px;margin-left: calc(-4% \/ 2 );margin-right: calc(-4% \/ 2 );\"><div class=\"fusion-layout-column fusion_builder_column fusion-builder-column-1 fusion_builder_column_1_1 1_1 fusion-flex-column\" style=\"--awb-bg-size:cover;--awb-width-large:100%;--awb-margin-top-large:0px;--awb-spacing-right-large:1.92%;--awb-margin-bottom-large:20px;--awb-spacing-left-large:1.92%;--awb-width-medium:100%;--awb-order-medium:0;--awb-spacing-right-medium:1.92%;--awb-spacing-left-medium:1.92%;--awb-width-small:100%;--awb-order-small:0;--awb-spacing-right-small:1.92%;--awb-spacing-left-small:1.92%;\"><div class=\"fusion-column-wrapper fusion-column-has-shadow fusion-flex-justify-content-flex-start fusion-content-layout-column\"><div class=\"fusion-text fusion-text-1\"><h5>Informace podle \u00a7 5 TMG<\/h5>\n<p>High Park Pohostinstv\u00ed GmbH<br \/>\nGabriele-Tergit-Promenade 21<br \/>\n10963 Berl\u00edn<\/p>\n<p>Obchodn\u00ed rejst\u0159\u00edk: HRB 191849<br \/>\nRejst\u0159\u00edkov\u00fd soud: M\u00edstn\u00ed soud Charlottenburg (Berl\u00edn)<\/p>\n<p><strong>Zastoupen\u00fd:<\/strong><br \/>\nMatthias Hock<\/p>\n<h5>Kontaktujte n\u00e1s<\/h5>\n<p>Telefon: +49 (0) 30 &#8211; 3991 8888<br \/>\nE-mail: info@highpark.de<\/p>\n<h5>ID pro da\u0148 z prodeje<\/h5>\n<p>Identifika\u010dn\u00ed \u010d\u00edslo pro da\u0148 z obratu podle \u00a7 27a z\u00e1kona o dani z obratu:<br \/>\nDE315262667<\/p>\n<h5>\u0158e\u0161en\u00ed spor\u016f v EU<\/h5>\n<p>Evropsk\u00e1 komise poskytuje platformu pro online \u0159e\u0161en\u00ed spor\u016f (OS): <a href=\"https:\/\/ec.europa.eu\/consumers\/odr\/\" target=\"_blank\" rel=\"noopener noreferrer\"><br \/>\n  <strong>https:\/\/ec.europa.eu\/consumers\/odr\/.<\/strong><br \/>\n<\/a>.<br \/>\nNa\u0161i e-mailovou adresu najdete v pr\u00e1vn\u00edm upozorn\u011bn\u00ed v\u00fd\u0161e.<\/p>\n<h5>\u0158e\u0161en\u00ed spot\u0159ebitelsk\u00fdch spor\u016f\/univerz\u00e1ln\u00ed rozhod\u010d\u00ed centrum<\/h5>\n<p>Nejsme ochotni ani povinni \u00fa\u010dastnit se \u0159\u00edzen\u00ed o \u0159e\u0161en\u00ed spor\u016f p\u0159ed spot\u0159ebitelskou rozhod\u010d\u00ed komis\u00ed.<\/p>\n<p>Zdroj: <a href=\"https:\/\/www.e-recht24.de\">eRecht24<\/a><\/p>\n<\/div><\/div><\/div><\/div><\/div><\/p>\n","protected":false},"excerpt":{"rendered":"","protected":false},"author":1,"featured_media":0,"parent":0,"menu_order":0,"comment_status":"closed","ping_status":"closed","template":"100-width.php","meta":{"footnotes":""},"class_list":["post-1761","page","type-page","status-publish","hentry"],"_links":{"self":[{"href":"https:\/\/highpark.de\/cs\/wp-json\/wp\/v2\/pages\/1761","targetHints":{"allow":["GET"]}}],"collection":[{"href":"https:\/\/highpark.de\/cs\/wp-json\/wp\/v2\/pages"}],"about":[{"href":"https:\/\/highpark.de\/cs\/wp-json\/wp\/v2\/types\/page"}],"author":[{"embeddable":true,"href":"https:\/\/highpark.de\/cs\/wp-json\/wp\/v2\/users\/1"}],"replies":[{"embeddable":true,"href":"https:\/\/highpark.de\/cs\/wp-json\/wp\/v2\/comments?post=1761"}],"version-history":[{"count":4,"href":"https:\/\/highpark.de\/cs\/wp-json\/wp\/v2\/pages\/1761\/revisions"}],"predecessor-version":[{"id":5089,"href":"https:\/\/highpark.de\/cs\/wp-json\/wp\/v2\/pages\/1761\/revisions\/5089"}],"wp:attachment":[{"href":"https:\/\/highpark.de\/cs\/wp-json\/wp\/v2\/media?parent=1761"}],"curies":[{"name":"wp","href":"https:\/\/api.w.org\/{rel}","templated":true}]}}